{"id":8321,"date":"2019-11-26T01:55:37","date_gmt":"2019-11-25T23:55:37","guid":{"rendered":"https:\/\/lumosphotostudio.com\/kodukord\/"},"modified":"2023-11-20T19:13:20","modified_gmt":"2023-11-20T17:13:20","slug":"kodukord","status":"publish","type":"page","link":"https:\/\/lumosphotostudio.com\/en\/kodukord\/","title":{"rendered":"FAQ"},"content":{"rendered":"\t\t<div data-elementor-type=\"wp-page\" data-elementor-id=\"8321\" class=\"elementor elementor-8321 elementor-3050\" data-elementor-post-type=\"page\">\n\t\t\t\t\t\t<section class=\"elementor-section elementor-top-section elementor-element elementor-element-08ee2fe elementor-section-boxed elementor-section-gap-beside-yes elementor-section-height-default elementor-section-height-default elementor-section-column-vertical-align-stretch\" data-id=\"08ee2fe\" data-element_type=\"section\" data-e-type=\"section\">\n\t\t\t\t\t\t<div class=\"elementor-container elementor-column-gap-extended\">\n\t\t\t\t\t<div class=\"elementor-column elementor-col-100 elementor-top-column elementor-element elementor-element-c9931ac\" data-id=\"c9931ac\" data-element_type=\"column\" data-e-type=\"column\">\n\t\t\t<div class=\"elementor-widget-wrap elementor-element-populated\">\n\t\t\t\t\t\t<section class=\"elementor-section elementor-inner-section elementor-element elementor-element-94ff646 elementor-section-gap-beside-no elementor-section-boxed elementor-section-height-default elementor-section-height-default elementor-section-column-vertical-align-stretch\" data-id=\"94ff646\" data-element_type=\"section\" data-e-type=\"section\">\n\t\t\t\t\t\t<div class=\"elementor-container elementor-column-gap-custom\">\n\t\t\t\t\t<div class=\"elementor-column elementor-col-100 elementor-inner-column elementor-element elementor-element-58f5747\" data-id=\"58f5747\" data-element_type=\"column\" data-e-type=\"column\">\n\t\t\t<div class=\"elementor-widget-wrap elementor-element-populated\">\n\t\t\t\t\t\t<div class=\"elementor-element elementor-element-a81789a billey-accordion-style-01 elementor-widget elementor-widget-tm-accordion\" data-id=\"a81789a\" data-element_type=\"widget\" data-e-type=\"widget\" data-widget_type=\"tm-accordion.default\">\n\t\t\t\t<div class=\"elementor-widget-container\">\n\t\t\t\t\t\t\t<div class=\"billey-accordion\">\n\t\t\t\t\t\t\t<div class=\"accordion-section\">\n\t\t\t\t\t<div class=\"accordion-header\">\n\t\t\t\t\t\t\t\t\t\t\t\t<div class=\"accordion-title-wrapper\">\n\t\t\t\t\t\t\t<h6 class=\"accordion-title\">Vahetusjalan\u00f5ud<\/h6>\t\t\t\t\t\t<\/div>\t\t\t\t\t\t\t\t\t\t\t\t\t<div class=\"accordion-icons\">\n\t\t\t\t\t\t\t\t<span\n\t\t\t\t\t\t\t\t\tclass=\"accordion-icon opened-icon\"><i class=\"fa-light fa-plus\"><\/i><\/span>\n\t\t\t\t\t\t\t\t<span\n\t\t\t\t\t\t\t\t\tclass=\"accordion-icon closed-icon\"><i class=\"fa-light fa-minus\"><\/i><\/span>\n\t\t\t\t\t\t\t<\/div>\n\t\t\t\t\t\t\t\t\t\t\t\t\t\t\t\t\t<\/div>\n\t\t\t\t\t<div class=\"accordion-content\">\n\t\t\t\t\t\t<p>Stuudios ootavad sind mugavad sussid v\u00f5i v\u00f5id kaasa v\u00f5tta oma puhtad vahetusjalan\u00f5ud.<\/p>\t\t\t\t\t<\/div>\n\t\t\t\t<\/div>\n\t\t\t\t\t\t\t<div class=\"accordion-section\">\n\t\t\t\t\t<div class=\"accordion-header\">\n\t\t\t\t\t\t\t\t\t\t\t\t<div class=\"accordion-title-wrapper\">\n\t\t\t\t\t\t\t<h6 class=\"accordion-title\">Asjade Hoidmine ja \u00dcldine Korrastamine<\/h6>\t\t\t\t\t\t<\/div>\t\t\t\t\t\t\t\t\t\t\t\t\t<div class=\"accordion-icons\">\n\t\t\t\t\t\t\t\t<span\n\t\t\t\t\t\t\t\t\tclass=\"accordion-icon opened-icon\"><i class=\"fa-light fa-plus\"><\/i><\/span>\n\t\t\t\t\t\t\t\t<span\n\t\t\t\t\t\t\t\t\tclass=\"accordion-icon closed-icon\"><i class=\"fa-light fa-minus\"><\/i><\/span>\n\t\t\t\t\t\t\t<\/div>\n\t\t\t\t\t\t\t\t\t\t\t\t\t\t\t\t\t<\/div>\n\t\t\t\t\t<div class=\"accordion-content\">\n\t\t\t\t\t\t<p>Lumos Fotostuudio on loodud selleks, et pakkuda sulle inspireerivat ja mugavat keskkonda. Oleme t\u00e4nulikud, kui aitad kaasa stuudio korrashoiule ning lood r\u00f5\u00f5msa ja meeldiva atmosf\u00e4\u00e4ri. M\u00f5ned lihtsad juhised, mida j\u00e4rgida:<\/p><ol><li><p><strong>Asjade Tagasipanek:<\/strong> P\u00e4rast sessiooni l\u00f5ppu palume sul panna k\u00f5ik kasutatud rekvisiidid ja atribuudid tagasi oma kohale. See aitab j\u00e4rgmisel k\u00fclalisel leida vajalikud vahendid h\u00f5lpsalt ning j\u00e4tab stuudio \u00fcldmulje puhtana.<\/p><\/li><li><p><strong>\u00dcldine Koristamine:<\/strong> Kui oled midagi kasutanud v\u00f5i laiali laotanud, aitab see stuudiot puhtana hoida, kui korjad oma j\u00e4ljed enne lahkumist kokku. N\u00e4iteks, kui kasutasid dekoratiivset tausta v\u00f5i rekvisiite, palume need tagasi panna ja \u00fcmbrus koristada.<\/p><\/li><li><p><strong>Isiklikud Asjad:<\/strong> V\u00f5ta kaasa k\u00f5ik isiklikud esemed, mida oled toonud kaasa. See h\u00f5lmab nii riietusvahetust kui ka isiklikke esemeid nagu kotid ja joped.<\/p><\/li><li><p><strong>Tehnikaseadmete Hooldamine:<\/strong> Kui kasutasid tehnikaseadmeid nagu v\u00e4lklambid, veendu enne lahkumist, et need oleksid korralikult statiivi k\u00fcljes kinni ja v\u00e4lja l\u00fclitatud.<\/p><\/li><\/ol><p>Meie eesm\u00e4rk on luua stuudios meeldiv keskkond, kus saad keskenduda loomingule ning nautida fotograafiaga tegelemist. Sinu panus korrastatud keskkonna s\u00e4ilitamisel aitab kaasa nii sinu enda kui ka teiste k\u00fclastajate heaolule.<\/p>\t\t\t\t\t<\/div>\n\t\t\t\t<\/div>\n\t\t\t\t\t\t\t<div class=\"accordion-section\">\n\t\t\t\t\t<div class=\"accordion-header\">\n\t\t\t\t\t\t\t\t\t\t\t\t<div class=\"accordion-title-wrapper\">\n\t\t\t\t\t\t\t<h6 class=\"accordion-title\">Saabumine ja L\u00f5petamine<\/h6>\t\t\t\t\t\t<\/div>\t\t\t\t\t\t\t\t\t\t\t\t\t<div class=\"accordion-icons\">\n\t\t\t\t\t\t\t\t<span\n\t\t\t\t\t\t\t\t\tclass=\"accordion-icon opened-icon\"><i class=\"fa-light fa-plus\"><\/i><\/span>\n\t\t\t\t\t\t\t\t<span\n\t\t\t\t\t\t\t\t\tclass=\"accordion-icon closed-icon\"><i class=\"fa-light fa-minus\"><\/i><\/span>\n\t\t\t\t\t\t\t<\/div>\n\t\t\t\t\t\t\t\t\t\t\t\t\t\t\t\t\t<\/div>\n\t\t\t\t\t<div class=\"accordion-content\">\n\t\t\t\t\t\t<p>Lumos Fotostuudio hindab \u00f5igeaegsust ja korraldust, mis aitab tagada sujuva sessioonide kulgemise ning k\u00f5igi klientide rahulolu. Palume j\u00e4rgida j\u00e4rgmisi punkte:<\/p><ol><li><p><strong>\u00d5igeaegne Saabumine:<\/strong> Stuudio rendi aeg algab tellimusel m\u00e4\u00e4ratud ajal. Oleme t\u00e4nulikud, kui saabud \u00f5igeaegselt, sest kasutamata aega ei ole v\u00f5imalik hiljem kompenseerida.<\/p><\/li><li><p><strong>T\u00e4htaegne L\u00f5petamine:<\/strong> Stuudio tuleb vabastada kokkulepitud aja l\u00f5puks, et j\u00e4rgmisel kliendil oleks v\u00f5imalus alustada \u00f5igel ajal. Hilinemine v\u00f5ib m\u00f5jutada teiste klientide ajakava ning me palume su m\u00f5istvat suhtumist.<\/p><\/li><\/ol>\t\t\t\t\t<\/div>\n\t\t\t\t<\/div>\n\t\t\t\t\t\t\t<div class=\"accordion-section\">\n\t\t\t\t\t<div class=\"accordion-header\">\n\t\t\t\t\t\t\t\t\t\t\t\t<div class=\"accordion-title-wrapper\">\n\t\t\t\t\t\t\t<h6 class=\"accordion-title\">Broneeringu Muutmine ja T\u00fchistamine<\/h6>\t\t\t\t\t\t<\/div>\t\t\t\t\t\t\t\t\t\t\t\t\t<div class=\"accordion-icons\">\n\t\t\t\t\t\t\t\t<span\n\t\t\t\t\t\t\t\t\tclass=\"accordion-icon opened-icon\"><i class=\"fa-light fa-plus\"><\/i><\/span>\n\t\t\t\t\t\t\t\t<span\n\t\t\t\t\t\t\t\t\tclass=\"accordion-icon closed-icon\"><i class=\"fa-light fa-minus\"><\/i><\/span>\n\t\t\t\t\t\t\t<\/div>\n\t\t\t\t\t\t\t\t\t\t\t\t\t\t\t\t\t<\/div>\n\t\t\t\t\t<div class=\"accordion-content\">\n\t\t\t\t\t\t<p>M\u00f5istame, et elus v\u00f5ib ette tulla ootamatuid olukordi. Siin on m\u00f5ned juhised broneeringute muutmise ja t\u00fchistamise kohta:<\/p><ol><li><p><strong>Muudatused Enne Sessiooni:<\/strong> Kui soovid broneeringut muuta v\u00f5i t\u00fchistada, palume teavitada meid sellest v\u00e4hemalt 48 tundi enne sessiooni algust. Oleme valmis leidma koos sobiva lahenduse.<\/p><\/li><li><p><strong>Viimase Hetke Muudatused:<\/strong> Kui broneeringuni on alla 48 tunni, on v\u00f5imalik uue aja saamine 50% lisatasu eest. Broneeringuid saab edasi l\u00fckata kuni 2 kuud ette ja mitte sagedamini kui 1 kord kuus.<\/p><\/li><li><p><strong>Hiline Muudatus v\u00f5i T\u00fchistamine:<\/strong> Kui broneeringuni on j\u00e4\u00e4nud v\u00e4hem kui 24 tundi, ei ole broneeringut v\u00f5imalik muuta. Sellisel juhul broneeringu eest tasu ei tagastata.<\/p><\/li><\/ol>\t\t\t\t\t<\/div>\n\t\t\t\t<\/div>\n\t\t\t\t\t\t\t<div class=\"accordion-section\">\n\t\t\t\t\t<div class=\"accordion-header\">\n\t\t\t\t\t\t\t\t\t\t\t\t<div class=\"accordion-title-wrapper\">\n\t\t\t\t\t\t\t<h6 class=\"accordion-title\">Lumos Fotostuudio T\u00f6\u00f6aeg ja Broneerimine<\/h6>\t\t\t\t\t\t<\/div>\t\t\t\t\t\t\t\t\t\t\t\t\t<div class=\"accordion-icons\">\n\t\t\t\t\t\t\t\t<span\n\t\t\t\t\t\t\t\t\tclass=\"accordion-icon opened-icon\"><i class=\"fa-light fa-plus\"><\/i><\/span>\n\t\t\t\t\t\t\t\t<span\n\t\t\t\t\t\t\t\t\tclass=\"accordion-icon closed-icon\"><i class=\"fa-light fa-minus\"><\/i><\/span>\n\t\t\t\t\t\t\t<\/div>\n\t\t\t\t\t\t\t\t\t\t\t\t\t\t\t\t\t<\/div>\n\t\t\t\t\t<div class=\"accordion-content\">\n\t\t\t\t\t\t<p>Lumos Fotostuudio on avatud iga p\u00e4ev (v.a. riigip\u00fchad) alates 8.00 kuni 22.00.<\/p><p>Soovi korral ja erikokkuleppe alusel on v\u00f5imalik fotosessiooni korraldada ka \u00f6isel ajal ning pikemalt kui broneeritavad ajad veebilehel on (nt. 1,5h) . Palume sellisel juhul \u00fchendust v\u00f5tta meiega emaili teel <a href=\"mailto:booking@lumosphotostudio.com\">booking@lumosphotostudio.com<\/a><\/p><p>Stuudio rendi minimaalne aeg on 1 tund.<\/p>\t\t\t\t\t<\/div>\n\t\t\t\t<\/div>\n\t\t\t\t\t\t\t<div class=\"accordion-section\">\n\t\t\t\t\t<div class=\"accordion-header\">\n\t\t\t\t\t\t\t\t\t\t\t\t<div class=\"accordion-title-wrapper\">\n\t\t\t\t\t\t\t<h6 class=\"accordion-title\">Hinnad ja Lisateenused<\/h6>\t\t\t\t\t\t<\/div>\t\t\t\t\t\t\t\t\t\t\t\t\t<div class=\"accordion-icons\">\n\t\t\t\t\t\t\t\t<span\n\t\t\t\t\t\t\t\t\tclass=\"accordion-icon opened-icon\"><i class=\"fa-light fa-plus\"><\/i><\/span>\n\t\t\t\t\t\t\t\t<span\n\t\t\t\t\t\t\t\t\tclass=\"accordion-icon closed-icon\"><i class=\"fa-light fa-minus\"><\/i><\/span>\n\t\t\t\t\t\t\t<\/div>\n\t\t\t\t\t\t\t\t\t\t\t\t\t\t\t\t\t<\/div>\n\t\t\t\t\t<div class=\"accordion-content\">\n\t\t\t\t\t\t<p>Stuudio rendihinnad kehtivad tunni kohta (v.a. erikokkuleppel tehtud broneeringud).<\/p><p>Stuudio rendihind ei sisalda fotograafi teenuseid.<\/p><p><strong>Paberfoonid :<\/strong> Paberfoonide kasutamine t\u00e4isplaanide puhul on tasuline, 8 eurot jooksva meetri kohta. Anna teada, kui Sul on erisoove paberfoonide osas, et saaksime valida sobiva v\u00e4rvi ja koguse.<\/p><p><strong>Fotograaf:<\/strong> Fotograafi teenuse hind on 100\u20ac tunni kohta. See sisaldab fotograafi juhendamist, n\u00f5uandeid parimate poseerimiste ja taustade valimisel ning fotosessiooni \u00fcldist sujuvust.<\/p><p>Kui oled huvitatud fotograafi teenusest, palume sul sellest teada anda broneeringu tegemise ajal v\u00f5i v\u00f5tta meiega \u00fchendust varakult enne sinu sessiooni toimumist. See annab meile v\u00f5imaluse tagada, et meie fotograaf on saadaval just sinu soovitud ajal ning saame korraldada sulle parima v\u00f5imaliku kogemuse.<\/p><p>Lisateenusest huvitatuna oled teretulnud v\u00f5tma \u00fchendust ning arutame meeleldi sinu vajadusi ja soove, et sinu fotosessioon Lumos Fotostuudios oleks t\u00f5eliselt eriline!<br \/><br \/><strong>Tehnika rent:<\/strong><\/p><p>Lumos Fotostuudio pakub sulle v\u00f5imalust laiendada oma loomingulisi v\u00f5imalusi ka v\u00e4ljaspool meie stuudioruume. Saame pakkuda professionaalset stuudiotehnikat rentimiseks, et saaksid kasutada kvaliteetseid vahendeid oma projektide teostamisel.<\/p><p>V\u00f5imalus rentida stuudiotehnikat v\u00e4ljaspool stuudiot on meie poolt avatud. Rendihind on kokkuleppel, v\u00f5ttes arvesse valitud seadmete ja rendiperioodi kestust.<\/p><p>Oleme valmis arutama sinu vajadusi ning leidma sobiva lahenduse, mis toetab sinu projektide teostamist. Kui oled huvitatud stuudiotehnika rentimisest v\u00e4ljaspool Lumos Fotostuudiost, v\u00f5ta meiega \u00fchendust ning r\u00e4\u00e4gime l\u00e4hemalt, millised seadmed on saadaval ning milline v\u00f5iks olla rendiperiood.<\/p>\t\t\t\t\t<\/div>\n\t\t\t\t<\/div>\n\t\t\t\t\t\t\t<div class=\"accordion-section\">\n\t\t\t\t\t<div class=\"accordion-header\">\n\t\t\t\t\t\t\t\t\t\t\t\t<div class=\"accordion-title-wrapper\">\n\t\t\t\t\t\t\t<h6 class=\"accordion-title\">Kliendi Kohustused<\/h6>\t\t\t\t\t\t<\/div>\t\t\t\t\t\t\t\t\t\t\t\t\t<div class=\"accordion-icons\">\n\t\t\t\t\t\t\t\t<span\n\t\t\t\t\t\t\t\t\tclass=\"accordion-icon opened-icon\"><i class=\"fa-light fa-plus\"><\/i><\/span>\n\t\t\t\t\t\t\t\t<span\n\t\t\t\t\t\t\t\t\tclass=\"accordion-icon closed-icon\"><i class=\"fa-light fa-minus\"><\/i><\/span>\n\t\t\t\t\t\t\t<\/div>\n\t\t\t\t\t\t\t\t\t\t\t\t\t\t\t\t\t<\/div>\n\t\t\t\t\t<div class=\"accordion-content\">\n\t\t\t\t\t\t<p>Hoia stuudio \u00fchiselt korras \u2013 v\u00f5ta kaasa k\u00f5ik oma asjad, mida ei tarbinud.<\/p><p>Kasuta stuudios vahetusjalan\u00f5usid!<\/p><p>Enne v\u00e4lkude liigutamist veendu, et need on korralikult statiivi k\u00fcljes.<\/p><p>L\u00fclita tehnikaseadmed v\u00e4lja enne vooluv\u00f5rgust lahti \u00fchendamist. Klient vastutab stuudiovarustuse eest sessiooni ajal.<\/p><p>Veendu, et k\u00f5ik seadmed oleksid v\u00e4lja l\u00fclitatud, aknad suletud ja tuled kustutatud enne lahkumist.<\/p><p>Stuudios tuleb hoolitseda enda ja laste ohutuse eest pildistamise ajal. Stuudio ei vastuta k\u00fclaliste tervisekahjustuste eest.<\/p>\t\t\t\t\t<\/div>\n\t\t\t\t<\/div>\n\t\t\t\t\t\t\t<div class=\"accordion-section\">\n\t\t\t\t\t<div class=\"accordion-header\">\n\t\t\t\t\t\t\t\t\t\t\t\t<div class=\"accordion-title-wrapper\">\n\t\t\t\t\t\t\t<h6 class=\"accordion-title\">\u00dcldtingimused Stuudios<\/h6>\t\t\t\t\t\t<\/div>\t\t\t\t\t\t\t\t\t\t\t\t\t<div class=\"accordion-icons\">\n\t\t\t\t\t\t\t\t<span\n\t\t\t\t\t\t\t\t\tclass=\"accordion-icon opened-icon\"><i class=\"fa-light fa-plus\"><\/i><\/span>\n\t\t\t\t\t\t\t\t<span\n\t\t\t\t\t\t\t\t\tclass=\"accordion-icon closed-icon\"><i class=\"fa-light fa-minus\"><\/i><\/span>\n\t\t\t\t\t\t\t<\/div>\n\t\t\t\t\t\t\t\t\t\t\t\t\t\t\t\t\t<\/div>\n\t\t\t\t\t<div class=\"accordion-content\">\n\t\t\t\t\t\t<p>Rekvisiitide ja tehnikaga v\u00f5ib stuudios vabalt t\u00f6\u00f6tada.<\/p><p>H\u00e4sti k\u00e4ituvad lemmikloomad on teretulnud stuudios.<\/p><p>Kui kasutatakse materjale, mis v\u00f5ivad stuudio olukorda kahjustada, tuleb sellest eelnevalt teavitada.<\/p><p>Stuudios on keelatud sisu tootmine, mis h\u00f5lmab v\u00e4givalda, propagandat, pornograafiat ja diskrimineerimist.<\/p><p>Stuudios suitsetamine, alkoholi ja uimastite tarbimine ning k\u00e4itumine, mis kahjustab vara v\u00f5i on ebaseaduslik, ei ole lubatud.<\/p><p>Stuudio ei vastuta isiklike asjade kadumise eest.<\/p><p>Stuudio rentimisel n\u00f5ustud stuudio reeglitega \u2013 palun tutvu nendega enne kasutamist!<\/p>\t\t\t\t\t<\/div>\n\t\t\t\t<\/div>\n\t\t\t\t\t<\/div>\n\t\t\t\t\t\t<\/div>\n\t\t\t\t<\/div>\n\t\t\t\t\t<\/div>\n\t\t<\/div>\n\t\t\t\t\t<\/div>\n\t\t<\/section>\n\t\t\t\t\t<\/div>\n\t\t<\/div>\n\t\t\t\t\t<\/div>\n\t\t<\/section>\n\t\t\t\t<\/div>\n\t\t","protected":false},"excerpt":{"rendered":"<p>Vahetusjalan\u00f5ud Stuudios ootavad sind mugavad sussid v\u00f5i v\u00f5id kaasa v\u00f5tta oma puhtad vahetusjalan\u00f5ud. Asjade Hoidmine ja \u00dcldine Korrastamine Lumos Fotostuudio on loodud selleks, et pakkuda sulle inspireerivat ja mugavat keskkonda. Oleme t\u00e4nulikud, kui aitad kaasa stuudio korrashoiule ning lood r\u00f5\u00f5msa ja meeldiva atmosf\u00e4\u00e4ri. M\u00f5ned lihtsad juhised, mida j\u00e4rgida: Asjade Tagasipanek: P\u00e4rast sessiooni l\u00f5ppu palume sul panna k\u00f5ik kasutatud rekvisiidid ja atribuudid tagasi oma kohale. See aitab j\u00e4rgmisel k\u00fclalisel leida vajalikud vahendid h\u00f5lpsalt ning j\u00e4tab stuudio \u00fcldmulje puhtana. \u00dcldine Koristamine: Kui oled midagi kasutanud v\u00f5i laiali laotanud, aitab see stuudiot puhtana hoida, kui korjad oma j\u00e4ljed enne lahkumist kokku. N\u00e4iteks, kui kasutasid dekoratiivset tausta v\u00f5i rekvisiite, palume need tagasi panna ja \u00fcmbrus koristada. Isiklikud Asjad: V\u00f5ta kaasa k\u00f5ik isiklikud esemed, mida oled toonud kaasa. See h\u00f5lmab nii riietusvahetust kui ka isiklikke esemeid nagu kotid ja joped. Tehnikaseadmete Hooldamine: Kui kasutasid tehnikaseadmeid nagu v\u00e4lklambid, veendu enne lahkumist, et need oleksid korralikult statiivi k\u00fcljes kinni ja v\u00e4lja l\u00fclitatud. Meie eesm\u00e4rk on luua stuudios meeldiv keskkond, kus saad keskenduda loomingule ning nautida fotograafiaga tegelemist. Sinu panus korrastatud keskkonna s\u00e4ilitamisel aitab kaasa nii sinu enda kui ka teiste k\u00fclastajate heaolule. Saabumine ja L\u00f5petamine Lumos Fotostuudio hindab \u00f5igeaegsust ja korraldust, mis aitab tagada sujuva sessioonide kulgemise ning k\u00f5igi klientide rahulolu. Palume j\u00e4rgida j\u00e4rgmisi punkte: \u00d5igeaegne Saabumine: Stuudio rendi aeg algab tellimusel m\u00e4\u00e4ratud ajal. Oleme t\u00e4nulikud, kui saabud \u00f5igeaegselt, sest kasutamata aega ei ole v\u00f5imalik hiljem kompenseerida. T\u00e4htaegne L\u00f5petamine: Stuudio tuleb vabastada kokkulepitud aja l\u00f5puks, et j\u00e4rgmisel kliendil oleks v\u00f5imalus alustada \u00f5igel ajal. Hilinemine v\u00f5ib m\u00f5jutada teiste klientide ajakava ning me palume su m\u00f5istvat suhtumist. Broneeringu Muutmine ja T\u00fchistamine M\u00f5istame, et elus v\u00f5ib ette tulla ootamatuid olukordi. Siin on m\u00f5ned juhised broneeringute muutmise ja t\u00fchistamise kohta: Muudatused Enne Sessiooni: Kui soovid broneeringut muuta v\u00f5i t\u00fchistada, palume teavitada meid sellest v\u00e4hemalt 48 tundi enne sessiooni algust. Oleme valmis leidma koos sobiva lahenduse. Viimase Hetke Muudatused: Kui broneeringuni on alla 48 tunni, on v\u00f5imalik uue aja saamine 50% lisatasu eest. Broneeringuid saab edasi l\u00fckata kuni 2 kuud ette ja mitte sagedamini kui 1 kord kuus. Hiline Muudatus v\u00f5i T\u00fchistamine: Kui broneeringuni on j\u00e4\u00e4nud v\u00e4hem kui 24 tundi, ei ole broneeringut v\u00f5imalik muuta. Sellisel juhul broneeringu eest tasu ei tagastata. Lumos Fotostuudio T\u00f6\u00f6aeg ja Broneerimine Lumos Fotostuudio on avatud iga p\u00e4ev (v.a. riigip\u00fchad) alates 8.00 kuni 22.00. Soovi korral ja erikokkuleppe alusel on v\u00f5imalik fotosessiooni korraldada ka \u00f6isel ajal ning pikemalt kui broneeritavad ajad veebilehel on (nt. 1,5h) . Palume sellisel juhul \u00fchendust v\u00f5tta meiega emaili teel booking@lumosphotostudio.com Stuudio rendi minimaalne aeg on 1 tund. Hinnad ja Lisateenused Stuudio rendihinnad kehtivad tunni kohta (v.a. erikokkuleppel tehtud broneeringud). Stuudio rendihind ei sisalda fotograafi teenuseid. Paberfoonid : Paberfoonide kasutamine t\u00e4isplaanide puhul on tasuline, 8 eurot jooksva meetri kohta. Anna teada, kui Sul on erisoove paberfoonide osas, et saaksime valida sobiva v\u00e4rvi ja koguse. Fotograaf: Fotograafi teenuse hind on 100\u20ac tunni kohta. See sisaldab fotograafi juhendamist, n\u00f5uandeid parimate poseerimiste ja taustade valimisel ning fotosessiooni \u00fcldist sujuvust. Kui oled huvitatud fotograafi teenusest, palume sul sellest teada anda broneeringu tegemise ajal v\u00f5i v\u00f5tta meiega \u00fchendust varakult enne sinu sessiooni toimumist. See annab meile v\u00f5imaluse tagada, et meie fotograaf on saadaval just sinu soovitud ajal ning saame korraldada sulle parima v\u00f5imaliku kogemuse. Lisateenusest huvitatuna oled teretulnud v\u00f5tma \u00fchendust ning arutame meeleldi sinu vajadusi ja soove, et sinu fotosessioon Lumos Fotostuudios oleks t\u00f5eliselt eriline! Tehnika rent: Lumos Fotostuudio pakub sulle v\u00f5imalust laiendada oma loomingulisi v\u00f5imalusi ka v\u00e4ljaspool meie stuudioruume. Saame pakkuda professionaalset stuudiotehnikat rentimiseks, et saaksid kasutada kvaliteetseid vahendeid oma projektide teostamisel. V\u00f5imalus rentida stuudiotehnikat v\u00e4ljaspool stuudiot on meie poolt avatud. Rendihind on kokkuleppel, v\u00f5ttes arvesse valitud seadmete ja rendiperioodi kestust. Oleme valmis arutama sinu vajadusi ning leidma sobiva lahenduse, mis toetab sinu projektide teostamist. Kui oled huvitatud stuudiotehnika rentimisest v\u00e4ljaspool Lumos Fotostuudiost, v\u00f5ta meiega \u00fchendust ning r\u00e4\u00e4gime l\u00e4hemalt, millised seadmed on saadaval ning milline v\u00f5iks olla rendiperiood. Kliendi Kohustused Hoia stuudio \u00fchiselt korras \u2013 v\u00f5ta kaasa k\u00f5ik oma asjad, mida ei tarbinud. Kasuta stuudios vahetusjalan\u00f5usid! Enne v\u00e4lkude liigutamist veendu, et need on korralikult statiivi k\u00fcljes. L\u00fclita tehnikaseadmed v\u00e4lja enne vooluv\u00f5rgust lahti \u00fchendamist. Klient vastutab stuudiovarustuse eest sessiooni ajal. Veendu, et k\u00f5ik seadmed oleksid v\u00e4lja l\u00fclitatud, aknad suletud ja tuled kustutatud enne lahkumist. Stuudios tuleb hoolitseda enda ja laste ohutuse eest pildistamise ajal. Stuudio ei vastuta k\u00fclaliste tervisekahjustuste eest. \u00dcldtingimused Stuudios Rekvisiitide ja tehnikaga v\u00f5ib stuudios vabalt t\u00f6\u00f6tada. H\u00e4sti k\u00e4ituvad lemmikloomad on teretulnud stuudios. Kui kasutatakse materjale, mis v\u00f5ivad stuudio olukorda kahjustada, tuleb sellest eelnevalt teavitada. Stuudios on keelatud sisu tootmine, mis h\u00f5lmab v\u00e4givalda, propagandat, pornograafiat ja diskrimineerimist. Stuudios suitsetamine, alkoholi ja uimastite tarbimine ning k\u00e4itumine, mis kahjustab vara v\u00f5i on ebaseaduslik, ei ole lubatud. Stuudio ei vastuta isiklike asjade kadumise eest. Stuudio rentimisel n\u00f5ustud stuudio reeglitega \u2013 palun tutvu nendega enne kasutamist!<\/p>\n","protected":false},"author":1,"featured_media":0,"parent":0,"menu_order":0,"comment_status":"closed","ping_status":"closed","template":"","meta":{"footnotes":""},"class_list":["post-8321","page","type-page","status-publish","hentry","post-no-thumbnail"],"_links":{"self":[{"href":"https:\/\/lumosphotostudio.com\/en\/wp-json\/wp\/v2\/pages\/8321","targetHints":{"allow":["GET"]}}],"collection":[{"href":"https:\/\/lumosphotostudio.com\/en\/wp-json\/wp\/v2\/pages"}],"about":[{"href":"https:\/\/lumosphotostudio.com\/en\/wp-json\/wp\/v2\/types\/page"}],"author":[{"embeddable":true,"href":"https:\/\/lumosphotostudio.com\/en\/wp-json\/wp\/v2\/users\/1"}],"replies":[{"embeddable":true,"href":"https:\/\/lumosphotostudio.com\/en\/wp-json\/wp\/v2\/comments?post=8321"}],"version-history":[{"count":5,"href":"https:\/\/lumosphotostudio.com\/en\/wp-json\/wp\/v2\/pages\/8321\/revisions"}],"predecessor-version":[{"id":9144,"href":"https:\/\/lumosphotostudio.com\/en\/wp-json\/wp\/v2\/pages\/8321\/revisions\/9144"}],"wp:attachment":[{"href":"https:\/\/lumosphotostudio.com\/en\/wp-json\/wp\/v2\/media?parent=8321"}],"curies":[{"name":"wp","href":"https:\/\/api.w.org\/{rel}","templated":true}]}}